{"id":632,"date":"2026-04-02T13:05:48","date_gmt":"2026-04-02T13:05:48","guid":{"rendered":"https:\/\/lctsystems.fr\/?page_id=632"},"modified":"2026-04-16T15:16:30","modified_gmt":"2026-04-16T15:16:30","slug":"conseils-3","status":"publish","type":"page","link":"https:\/\/lctsystems.fr\/index.php\/conseils-3\/","title":{"rendered":"Conseil informatique personnalis\u00e9"},"content":{"rendered":"<div class=\"et_pb_section_0 et_pb_section et_section_regular et_flex_section\">\n<div class=\"et_pb_row_0 et_pb_row et_flex_row\">\n<div class=\"et_pb_column_0 et_pb_column et-last-child et_flex_column et_pb_css_mix_blend_mode_passthrough et_flex_column_24_24 et_flex_column_24_24_tablet et_flex_column_24_24_phone\">\n<div class=\"et_pb_heading_0 et_pb_heading et_pb_module et_flex_module preset--module--divi-heading--a37e5281-a096-4936-881d-685e490a1340\"><div class=\"et_pb_heading_container\"><\/div><\/div>\n<\/div>\n<\/div>\n<\/div>\n\n<div class=\"et_pb_section_1 et_pb_section et_section_regular et_flex_section\">\n<div class=\"et_pb_row_1 et_pb_row et_flex_row\">\n<div class=\"et_pb_column_1 et_pb_column et-last-child et_flex_column et_pb_css_mix_blend_mode_passthrough et_flex_column_24_24 et_flex_column_24_24_tablet et_flex_column_24_24_phone\">\n<div class=\"et_pb_text_0 et_pb_text et_pb_bg_layout_dark et_animated et_pb_module et_flex_module preset--module--divi-text--default\"><div class=\"et_pb_text_inner\"><p>Conseil informatique personnalis\u00e9<\/p>\n<\/div><\/div>\n<\/div>\n<\/div>\n\n<div class=\"et_pb_row_2 et_pb_row et_flex_row\">\n<div class=\"et_pb_column_2 et_pb_column et-last-child et_flex_column et_pb_css_mix_blend_mode_passthrough et_flex_column_24_24 et_flex_column_24_24_tablet et_flex_column_24_24_phone\">\n<div class=\"et_pb_text_1 et_pb_text et_pb_bg_layout_dark et_pb_module et_flex_module preset--module--divi-text--default\"><div class=\"et_pb_text_inner\"><p><strong>\u00a0Faites les bons choix pour votre \u00e9quipement et votre usage <\/strong><br \/><strong>Vous \u00eates perdu face aux offres du march\u00e9 ? Vous ne savez pas quel ordinateur prendre ? Votre r\u00e9seau domestique d\u00e9conne ? On est l\u00e0 pour vous guider.<\/strong><\/p>\n<\/div><\/div>\n<\/div>\n<\/div>\n\n<div class=\"et_pb_row_3 et_pb_row et_flex_row\">\n<div class=\"et_pb_column_3 et_pb_column et_flex_column et_pb_css_mix_blend_mode_passthrough et_flex_column_12_24 et_flex_column_12_24_tablet et_flex_column_24_24_phone\">\n<div class=\"et_pb_image_0 et_pb_image et_pb_image_sticky_tablet et_pb_module et_flex_module\"><span class=\"et_pb_image_wrap\"><img loading=\"lazy\" decoding=\"async\" src=\"https:\/\/lctsystems.fr\/wp-content\/uploads\/2026\/04\/2e4acca6b73bdd8734a158764e433b1e-scaled.jpg\" title=\"cyber security, padlock\" width=\"2560\" height=\"1707\" srcset=\"https:\/\/lctsystems.fr\/wp-content\/uploads\/2026\/04\/2e4acca6b73bdd8734a158764e433b1e-scaled.jpg 2560w, https:\/\/lctsystems.fr\/wp-content\/uploads\/2026\/04\/2e4acca6b73bdd8734a158764e433b1e-1280x854.jpg 1280w, https:\/\/lctsystems.fr\/wp-content\/uploads\/2026\/04\/2e4acca6b73bdd8734a158764e433b1e-980x653.jpg 980w, https:\/\/lctsystems.fr\/wp-content\/uploads\/2026\/04\/2e4acca6b73bdd8734a158764e433b1e-480x320.jpg 480w\" sizes=\"(min-width: 0px) and (max-width: 480px) 480px, (min-width: 481px) and (max-width: 980px) 980px, (min-width: 981px) and (max-width: 1280px) 1280px, (min-width: 1281px) 2560px, 100vw\" class=\"wp-image-722\" \/><\/span><\/div>\n<\/div>\n\n<div class=\"et_pb_column_4 et_pb_column et-last-child et_flex_column et_pb_css_mix_blend_mode_passthrough et_flex_column_12_24 et_flex_column_12_24_tablet et_flex_column_24_24_phone\">\n<div class=\"et_pb_text_2 et_pb_text et_pb_bg_layout_dark et_pb_module et_flex_module preset--module--divi-text--default\"><div class=\"et_pb_text_inner\"><p><strong>Nos conseils<\/strong> :<\/p>\n<p>- Audit de votre mat\u00e9riel actuel<br \/>- Recommandations d\u2019achat selon votre budget et vos besoins (bureautique, gaming, t\u00e9l\u00e9travail, montage vid\u00e9o\u2026)<br \/>- Aide au choix des logiciels (gratuits ou payants)<\/p>\n<p>- Conseils en s\u00e9curit\u00e9 informatique (antivirus, sauvegarde, mots de passe)<br \/>- Optimisation de votre r\u00e9seau (Wi-Fi, box, r\u00e9p\u00e9teurs, c\u00e2blage)<br \/>- Aide pour l\u2019achat d\u2019\u00e9quipements (imprimantes, NAS, cam\u00e9ras\u2026)<\/p>\n<\/div><\/div>\n<\/div>\n<\/div>\n\n<div class=\"et_pb_row_4 et_pb_row et_flex_row\">\n<div class=\"et_pb_column_5 et_pb_column et-last-child et_flex_column et_pb_css_mix_blend_mode_passthrough et_flex_column_24_24 et_flex_column_24_24_tablet et_flex_column_24_24_phone\">\n<div class=\"et_pb_text_3 et_pb_text et_pb_bg_layout_dark et_animated et_pb_module et_flex_module preset--module--divi-text--default\"><div class=\"et_pb_text_inner\"><p>Que vous soyez gamer, t\u00e9l\u00e9travailleur, cr\u00e9ateur ou d\u00e9butant, on adapte tout selon ce qu\u2019il vous faut vraiment.<\/p>\n<p>Tarif : Devis gratuit sur demande. Intervention \u00e0 domicile ou rendez-vous t\u00e9l\u00e9phonique possibles.<\/p>\n<\/div><\/div>\n<\/div>\n<\/div>\n<\/div>\n\n<div class=\"et_pb_section_2 et_pb_section et_section_regular et_flex_section\">\n<div class=\"et_pb_row_5 et_pb_row et_flex_row\">\n<div class=\"et_pb_column_6 et_pb_column et-last-child et_flex_column et_pb_css_mix_blend_mode_passthrough et_flex_column_24_24 et_flex_column_24_24_tablet et_flex_column_24_24_phone\">\n<div class=\"et_pb_gallery_0 et_pb_gallery et_pb_bg_layout_light et_pb_gallery_grid et_pb_module preset--module--divi-gallery--default\" data-auto-rotate=\"off\" data-auto-rotate-speed=\"\"><div class=\"et_pb_gallery_items et_post_gallery clearfix et_grid_module\" data-per_page=\"4\"><div class=\"et_pb_gallery_item et_pb_grid_item et_pb_gallery_item_0_0\"><div class=\"et_pb_gallery_image landscape\" data-per_page=\"4\"><a href=\"https:\/\/lctsystems.fr\/wp-content\/uploads\/2026\/03\/pngtree-3d-render-of-computer-care-and-maintenance-image_3855114.jpg\" title=\"pngtree-3d-render-of-computer-care-and-maintenance-image_3855114\"><img loading=\"lazy\" decoding=\"async\" width=\"400\" height=\"284\" src=\"https:\/\/lctsystems.fr\/wp-content\/uploads\/2026\/03\/pngtree-3d-render-of-computer-care-and-maintenance-image_3855114-400x284.jpg\" alt=\"\" class=\"wp-image-541\" srcset=\"https:\/\/lctsystems.fr\/wp-content\/uploads\/2026\/03\/pngtree-3d-render-of-computer-care-and-maintenance-image_3855114.jpg 479w, https:\/\/lctsystems.fr\/wp-content\/uploads\/2026\/03\/pngtree-3d-render-of-computer-care-and-maintenance-image_3855114-400x284.jpg 480w\" sizes=\"(max-width:479px) 479px, 100vw\" \/><span class=\"et_overlay\" data-icon=\"\" data-icon-tablet=\"\" data-icon-phone=\"\"><\/span><\/a><\/div><\/div><div class=\"et_pb_gallery_item et_pb_grid_item et_pb_gallery_item_0_1\"><div class=\"et_pb_gallery_image landscape\" data-per_page=\"4\"><a href=\"https:\/\/lctsystems.fr\/wp-content\/uploads\/2026\/04\/360_F_5988453_pEwYPuyoMnZv5Hrja1nJy54dcIx0zwCe.jpg\" title=\"360_F_5988453_pEwYPuyoMnZv5Hrja1nJy54dcIx0zwCe\"><img loading=\"lazy\" decoding=\"async\" width=\"400\" height=\"284\" src=\"https:\/\/lctsystems.fr\/wp-content\/uploads\/2026\/04\/360_F_5988453_pEwYPuyoMnZv5Hrja1nJy54dcIx0zwCe-400x284.jpg\" alt=\"\" class=\"wp-image-723\" srcset=\"https:\/\/lctsystems.fr\/wp-content\/uploads\/2026\/04\/360_F_5988453_pEwYPuyoMnZv5Hrja1nJy54dcIx0zwCe.jpg 479w, https:\/\/lctsystems.fr\/wp-content\/uploads\/2026\/04\/360_F_5988453_pEwYPuyoMnZv5Hrja1nJy54dcIx0zwCe-400x284.jpg 480w\" sizes=\"(max-width:479px) 479px, 100vw\" \/><span class=\"et_overlay\" data-icon=\"\" data-icon-tablet=\"\" data-icon-phone=\"\"><\/span><\/a><\/div><\/div><div class=\"et_pb_gallery_item et_pb_grid_item et_pb_gallery_item_0_2\"><div class=\"et_pb_gallery_image landscape\" data-per_page=\"4\"><a href=\"https:\/\/lctsystems.fr\/wp-content\/uploads\/2026\/04\/749ef5d2a9832ece5537cfcf28e88160.jpg\" title=\"749ef5d2a9832ece5537cfcf28e88160\"><img loading=\"lazy\" decoding=\"async\" width=\"400\" height=\"284\" src=\"https:\/\/lctsystems.fr\/wp-content\/uploads\/2026\/04\/749ef5d2a9832ece5537cfcf28e88160-400x284.jpg\" alt=\"\" class=\"wp-image-724\" srcset=\"https:\/\/lctsystems.fr\/wp-content\/uploads\/2026\/04\/749ef5d2a9832ece5537cfcf28e88160.jpg 479w, https:\/\/lctsystems.fr\/wp-content\/uploads\/2026\/04\/749ef5d2a9832ece5537cfcf28e88160-400x284.jpg 480w\" sizes=\"(max-width:479px) 479px, 100vw\" \/><span class=\"et_overlay\" data-icon=\"\" data-icon-tablet=\"\" data-icon-phone=\"\"><\/span><\/a><\/div><\/div><div class=\"et_pb_gallery_item et_pb_grid_item et_pb_gallery_item_0_3\"><div class=\"et_pb_gallery_image landscape\" data-per_page=\"4\"><a href=\"https:\/\/lctsystems.fr\/wp-content\/uploads\/2026\/04\/OptimaTools-1.jpg\" title=\"OptimaTools\"><img loading=\"lazy\" decoding=\"async\" width=\"400\" height=\"284\" src=\"https:\/\/lctsystems.fr\/wp-content\/uploads\/2026\/04\/OptimaTools-1-400x284.jpg\" alt=\"\" class=\"wp-image-725\" srcset=\"https:\/\/lctsystems.fr\/wp-content\/uploads\/2026\/04\/OptimaTools-1.jpg 479w, https:\/\/lctsystems.fr\/wp-content\/uploads\/2026\/04\/OptimaTools-1-400x284.jpg 480w\" sizes=\"(max-width:479px) 479px, 100vw\" \/><span class=\"et_overlay\" data-icon=\"\" data-icon-tablet=\"\" data-icon-phone=\"\"><\/span><\/a><\/div><\/div><\/div><\/div>\n<\/div>\n<\/div>\n\n<div class=\"et_pb_row_6 et_pb_row et_flex_row\">\n<div class=\"et_pb_column_7 et_pb_column et-last-child et_flex_column et_pb_css_mix_blend_mode_passthrough et_flex_column_24_24 et_flex_column_24_24_tablet et_flex_column_24_24_phone\">\n<div class=\"et_pb_text_4 et_pb_text et_pb_bg_layout_dark et_pb_module et_flex_module preset--module--divi-text--default\"><div class=\"et_pb_text_inner\"><p>T\u00e9moignage<\/p>\n<\/div><\/div>\n<\/div>\n<\/div>\n\n<div class=\"et_pb_row_7 et_pb_row et_flex_row\">\n<div class=\"et_pb_column_8 et_pb_column et-last-child et_flex_column et_pb_css_mix_blend_mode_passthrough et_flex_column_24_24 et_flex_column_24_24_tablet et_flex_column_24_24_phone\">\n<div class=\"et_pb_text_5 et_pb_text et_pb_bg_layout_light et_pb_module et_flex_module preset--module--divi-text--default\">\n<div class=\"et_pb_text_6 et_pb_text et_pb_bg_layout_dark et_animated et_pb_module et_flex_module preset--module--divi-text--default\"><div class=\"et_pb_text_inner\"><p><strong>Vente d\u2019un PC reconditionn\u00e9 (petit budget)<\/strong><\/p>\n<p>\"En tant qu\u2019\u00e9tudiante, je n\u2019avais pas les moyens d\u2019acheter un ordinateur neuf. LcT Systems m\u2019a trouv\u00e9 un Dell Latitude reconditionn\u00e9 \u00e0 250\u20ac. Ils me l\u2019ont livr\u00e9 avec Windows 11 install\u00e9, les mises \u00e0 jour faites, et m\u00eame une souris offerte. Il fonctionne parfaitement pour mes cours (Word, Excel, visio). En plus, ils m\u2019ont promis un service apr\u00e8s-vente pendant trois mois. Franchement, le rapport qualit\u00e9-prix est imbattable.\"<\/p>\n<p><strong>L\u00e9a, 22 ans, Saint-Martin-en-Haut<\/strong><\/p>\n<\/div><\/div>\n<\/div>\n<\/div>\n<\/div>\n<\/div>","protected":false},"excerpt":{"rendered":"","protected":false},"author":1,"featured_media":0,"parent":0,"menu_order":0,"comment_status":"closed","ping_status":"closed","template":"","meta":{"footnotes":""},"class_list":["post-632","page","type-page","status-publish","hentry"],"_links":{"self":[{"href":"https:\/\/lctsystems.fr\/index.php\/wp-json\/wp\/v2\/pages\/632","targetHints":{"allow":["GET"]}}],"collection":[{"href":"https:\/\/lctsystems.fr\/index.php\/wp-json\/wp\/v2\/pages"}],"about":[{"href":"https:\/\/lctsystems.fr\/index.php\/wp-json\/wp\/v2\/types\/page"}],"author":[{"embeddable":true,"href":"https:\/\/lctsystems.fr\/index.php\/wp-json\/wp\/v2\/users\/1"}],"replies":[{"embeddable":true,"href":"https:\/\/lctsystems.fr\/index.php\/wp-json\/wp\/v2\/comments?post=632"}],"version-history":[{"count":14,"href":"https:\/\/lctsystems.fr\/index.php\/wp-json\/wp\/v2\/pages\/632\/revisions"}],"predecessor-version":[{"id":893,"href":"https:\/\/lctsystems.fr\/index.php\/wp-json\/wp\/v2\/pages\/632\/revisions\/893"}],"wp:attachment":[{"href":"https:\/\/lctsystems.fr\/index.php\/wp-json\/wp\/v2\/media?parent=632"}],"curies":[{"name":"wp","href":"https:\/\/api.w.org\/{rel}","templated":true}]}}