{"id":636,"date":"2026-04-02T13:10:23","date_gmt":"2026-04-02T13:10:23","guid":{"rendered":"https:\/\/lctsystems.fr\/?page_id=636"},"modified":"2026-04-16T15:40:43","modified_gmt":"2026-04-16T15:40:43","slug":"formation-3","status":"publish","type":"page","link":"https:\/\/lctsystems.fr\/index.php\/formation-3\/","title":{"rendered":"Formation"},"content":{"rendered":"<div class=\"et_pb_section_0 et_pb_section et_section_regular et_flex_section\">\n<div class=\"et_pb_row_0 et_pb_row et_flex_row\">\n<div class=\"et_pb_column_0 et_pb_column et-last-child et_flex_column et_pb_css_mix_blend_mode_passthrough et_flex_column_24_24 et_flex_column_24_24_tablet et_flex_column_24_24_phone\">\n<div class=\"et_pb_heading_0 et_pb_heading et_pb_module et_flex_module preset--module--divi-heading--a37e5281-a096-4936-881d-685e490a1340\"><div class=\"et_pb_heading_container\"><\/div><\/div>\n<\/div>\n<\/div>\n<\/div>\n\n<div class=\"et_pb_section_1 et_pb_section et_section_regular et_flex_section\">\n<div class=\"et_pb_row_1 et_pb_row et_flex_row\">\n<div class=\"et_pb_column_1 et_pb_column et-last-child et_flex_column et_pb_css_mix_blend_mode_passthrough et_flex_column_24_24 et_flex_column_24_24_tablet et_flex_column_24_24_phone\">\n<div class=\"et_pb_text_0 et_pb_text et_pb_bg_layout_dark et_animated et_pb_module et_flex_module preset--module--divi-text--default\"><div class=\"et_pb_text_inner\"><p>Formation informatique<\/p>\n<\/div><\/div>\n<\/div>\n<\/div>\n\n<div class=\"et_pb_row_2 et_pb_row et_flex_row\">\n<div class=\"et_pb_column_2 et_pb_column et-last-child et_flex_column et_pb_css_mix_blend_mode_passthrough et_flex_column_24_24 et_flex_column_24_24_tablet et_flex_column_24_24_phone\">\n<div class=\"et_pb_text_1 et_pb_text et_pb_bg_layout_dark et_pb_module et_flex_module preset--module--divi-text--default\"><div class=\"et_pb_text_inner\"><p>Apprenez \u00e0 votre rythme, chez vous, sans stress <br \/>Vous d\u00e9butez en informatique ? Vous voulez ma\u00eetriser un logiciel pr\u00e9cis ? On vient vous former chez vous avec une m\u00e9thode simple et adapt\u00e9e \u00e0 votre niveau<\/p>\n<\/div><\/div>\n<\/div>\n<\/div>\n\n<div class=\"et_pb_row_3 et_pb_row et_flex_row\">\n<div class=\"et_pb_column_3 et_pb_column et_flex_column et_pb_css_mix_blend_mode_passthrough et_flex_column_12_24 et_flex_column_12_24_tablet et_flex_column_24_24_phone\">\n<div class=\"et_pb_image_0 et_pb_image et_pb_module et_flex_module\"><span class=\"et_pb_image_wrap\"><img loading=\"lazy\" decoding=\"async\" src=\"https:\/\/lctsystems.fr\/wp-content\/uploads\/2026\/04\/maxresdefault-1.jpg\" title=\"maxresdefault\" width=\"1280\" height=\"720\" srcset=\"https:\/\/lctsystems.fr\/wp-content\/uploads\/2026\/04\/maxresdefault-1.jpg 1280w, https:\/\/lctsystems.fr\/wp-content\/uploads\/2026\/04\/maxresdefault-1-980x551.jpg 980w, https:\/\/lctsystems.fr\/wp-content\/uploads\/2026\/04\/maxresdefault-1-480x270.jpg 480w\" sizes=\"(min-width: 0px) and (max-width: 480px) 480px, (min-width: 481px) and (max-width: 980px) 980px, (min-width: 981px) 1280px, 100vw\" class=\"wp-image-735\" \/><\/span><\/div>\n<\/div>\n\n<div class=\"et_pb_column_4 et_pb_column et-last-child et_flex_column et_pb_css_mix_blend_mode_passthrough et_flex_column_12_24 et_flex_column_12_24_tablet et_flex_column_24_24_phone\">\n<div class=\"et_pb_text_2 et_pb_text et_pb_bg_layout_dark et_pb_module et_flex_module preset--module--divi-text--default\"><div class=\"et_pb_text_inner\"><p>\u2022 Initiation \u00e0 l\u2019ordinateur (souris, clavier, gestion des fichiers)<br \/>\u2022 Internet et email (navigation, s\u00e9curit\u00e9, messagerie)<br \/>\u2022 Bureautique (Word, Excel, PowerPoint, LibreOffice)<br \/>\u2022 D\u00e9couverte des r\u00e9seaux sociaux (Facebook, Messenger, WhatsApp)<br \/>\u2022 Utilisation smartphone ou tablette (Android, iPhone)<br \/>\u2022 Sauvegarde et organisation de photos et documents<br \/>\u2022 Formation \u00e0 distance possible (visioconf\u00e9rence)<\/p>\n<\/div><\/div>\n<\/div>\n<\/div>\n<\/div>\n\n<div class=\"et_pb_section_2 et_pb_section et_section_regular et_flex_section\">\n<div class=\"et_pb_row_4 et_pb_row et_flex_row\">\n<div class=\"et_pb_column_5 et_pb_column et-last-child et_flex_column et_pb_css_mix_blend_mode_passthrough et_flex_column_24_24 et_flex_column_24_24_tablet et_flex_column_24_24_phone\">\n<div class=\"et_pb_text_3 et_pb_text et_pb_bg_layout_dark et_animated et_pb_module et_flex_module preset--module--divi-text--default\"><div class=\"et_pb_text_inner\"><p>Formule : \u00c0 la s\u00e9ance ou forfait plusieurs heures.<\/p>\n<p>Nous venons \u00e0 votre domicile aux horaires qui vous conviennent (soir\u00e9es et week-ends possibles).<\/p>\n<p>Public : Seniors, actifs, t\u00e9l\u00e9travailleurs, auto-entrepreneurs, associations.<\/p>\n<\/div><\/div>\n<\/div>\n<\/div>\n<\/div>\n\n<div class=\"et_pb_section_3 et_pb_section et_section_regular et_flex_section\">\n<div class=\"et_pb_row_5 et_pb_row et_flex_row\">\n<div class=\"et_pb_column_6 et_pb_column et-last-child et_flex_column et_pb_css_mix_blend_mode_passthrough et_flex_column_24_24 et_flex_column_24_24_tablet et_flex_column_24_24_phone\">\n<div class=\"et_pb_gallery_0 et_pb_gallery et_pb_bg_layout_light et_pb_gallery_grid et_pb_module preset--module--divi-gallery--default\" data-auto-rotate=\"off\" data-auto-rotate-speed=\"\"><div class=\"et_pb_gallery_items et_post_gallery clearfix et_grid_module\" data-per_page=\"4\"><div class=\"et_pb_gallery_item et_pb_grid_item et_pb_gallery_item_0_0\"><div class=\"et_pb_gallery_image landscape\" data-per_page=\"4\"><a href=\"https:\/\/lctsystems.fr\/wp-content\/uploads\/2026\/04\/360_F_5988453_pEwYPuyoMnZv5Hrja1nJy54dcIx0zwCe-1.jpg\" title=\"360_F_5988453_pEwYPuyoMnZv5Hrja1nJy54dcIx0zwCe\"><img loading=\"lazy\" decoding=\"async\" width=\"400\" height=\"284\" src=\"https:\/\/lctsystems.fr\/wp-content\/uploads\/2026\/04\/360_F_5988453_pEwYPuyoMnZv5Hrja1nJy54dcIx0zwCe-1-400x284.jpg\" alt=\"\" class=\"wp-image-736\" srcset=\"https:\/\/lctsystems.fr\/wp-content\/uploads\/2026\/04\/360_F_5988453_pEwYPuyoMnZv5Hrja1nJy54dcIx0zwCe-1.jpg 479w, https:\/\/lctsystems.fr\/wp-content\/uploads\/2026\/04\/360_F_5988453_pEwYPuyoMnZv5Hrja1nJy54dcIx0zwCe-1-400x284.jpg 480w\" sizes=\"(max-width:479px) 479px, 100vw\" \/><span class=\"et_overlay\" data-icon=\"\" data-icon-tablet=\"\" data-icon-phone=\"\"><\/span><\/a><\/div><\/div><div class=\"et_pb_gallery_item et_pb_grid_item et_pb_gallery_item_0_1\"><div class=\"et_pb_gallery_image landscape\" data-per_page=\"4\"><a href=\"https:\/\/lctsystems.fr\/wp-content\/uploads\/2026\/04\/maxresdefault-1.jpg\" title=\"maxresdefault\"><img loading=\"lazy\" decoding=\"async\" width=\"400\" height=\"284\" src=\"https:\/\/lctsystems.fr\/wp-content\/uploads\/2026\/04\/maxresdefault-1-400x284.jpg\" alt=\"\" class=\"wp-image-735\" srcset=\"https:\/\/lctsystems.fr\/wp-content\/uploads\/2026\/04\/maxresdefault-1.jpg 479w, https:\/\/lctsystems.fr\/wp-content\/uploads\/2026\/04\/maxresdefault-1-400x284.jpg 480w\" sizes=\"(max-width:479px) 479px, 100vw\" \/><span class=\"et_overlay\" data-icon=\"\" data-icon-tablet=\"\" data-icon-phone=\"\"><\/span><\/a><\/div><\/div><div class=\"et_pb_gallery_item et_pb_grid_item et_pb_gallery_item_0_2\"><div class=\"et_pb_gallery_image landscape\" data-per_page=\"4\"><a href=\"https:\/\/lctsystems.fr\/wp-content\/uploads\/2026\/04\/pngtree-d-rendering-of-computer-mouse-and-magnifying-glass-for-enhanced-searching-image_13549011.png\" title=\"pngtree-d-rendering-of-computer-mouse-and-magnifying-glass-for-enhanced-searching-image_13549011\"><img loading=\"lazy\" decoding=\"async\" width=\"400\" height=\"284\" src=\"https:\/\/lctsystems.fr\/wp-content\/uploads\/2026\/04\/pngtree-d-rendering-of-computer-mouse-and-magnifying-glass-for-enhanced-searching-image_13549011-400x284.png\" alt=\"\" class=\"wp-image-720\" srcset=\"https:\/\/lctsystems.fr\/wp-content\/uploads\/2026\/04\/pngtree-d-rendering-of-computer-mouse-and-magnifying-glass-for-enhanced-searching-image_13549011.png 479w, https:\/\/lctsystems.fr\/wp-content\/uploads\/2026\/04\/pngtree-d-rendering-of-computer-mouse-and-magnifying-glass-for-enhanced-searching-image_13549011-400x284.png 480w\" sizes=\"(max-width:479px) 479px, 100vw\" \/><span class=\"et_overlay\" data-icon=\"\" data-icon-tablet=\"\" data-icon-phone=\"\"><\/span><\/a><\/div><\/div><div class=\"et_pb_gallery_item et_pb_grid_item et_pb_gallery_item_0_3\"><div class=\"et_pb_gallery_image landscape\" data-per_page=\"4\"><a href=\"https:\/\/lctsystems.fr\/wp-content\/uploads\/2026\/04\/88e1caf2570da7ef7fac3de382d8bc3e.jpg\" title=\"88e1caf2570da7ef7fac3de382d8bc3e\"><img loading=\"lazy\" decoding=\"async\" width=\"400\" height=\"284\" src=\"https:\/\/lctsystems.fr\/wp-content\/uploads\/2026\/04\/88e1caf2570da7ef7fac3de382d8bc3e-400x284.jpg\" alt=\"\" class=\"wp-image-742\" srcset=\"https:\/\/lctsystems.fr\/wp-content\/uploads\/2026\/04\/88e1caf2570da7ef7fac3de382d8bc3e.jpg 479w, https:\/\/lctsystems.fr\/wp-content\/uploads\/2026\/04\/88e1caf2570da7ef7fac3de382d8bc3e-400x284.jpg 480w\" sizes=\"(max-width:479px) 479px, 100vw\" \/><span class=\"et_overlay\" data-icon=\"\" data-icon-tablet=\"\" data-icon-phone=\"\"><\/span><\/a><\/div><\/div><\/div><\/div>\n<\/div>\n<\/div>\n\n<div class=\"et_pb_row_6 et_pb_row et_flex_row\">\n<div class=\"et_pb_column_7 et_pb_column et-last-child et_flex_column et_pb_css_mix_blend_mode_passthrough et_flex_column_24_24 et_flex_column_24_24_tablet et_flex_column_24_24_phone\">\n<div class=\"et_pb_text_4 et_pb_text et_pb_bg_layout_dark et_pb_module et_flex_module preset--module--divi-text--default\"><div class=\"et_pb_text_inner\"><p>T\u00e9moignage<\/p>\n<\/div><\/div>\n<\/div>\n<\/div>\n\n<div class=\"et_pb_row_7 et_pb_row et_flex_row\">\n<div class=\"et_pb_column_8 et_pb_column et-last-child et_flex_column et_pb_css_mix_blend_mode_passthrough et_flex_column_24_24 et_flex_column_24_24_tablet et_flex_column_24_24_phone\">\n<div class=\"et_pb_text_5 et_pb_text et_pb_bg_layout_light et_pb_module et_flex_module preset--module--divi-text--default\">\n<div class=\"et_pb_text_6 et_pb_text et_pb_bg_layout_dark et_animated et_pb_module et_flex_module preset--module--divi-text--default\"><div class=\"et_pb_text_inner\"><p><strong>Formation senior (d\u00e9butant complet)<\/strong><\/p>\n<p>\"Je n\u2019avais jamais touch\u00e9 un ordinateur de ma vie. Mon fils m\u2019a offert un PC pour No\u00ebl, mais je ne savais m\u00eame pas l\u2019allumer. Jean-Marc est venu chez moi quatre fois. Il est tr\u00e8s patient, il explique simplement, sans se moquer. Aujourd\u2019hui, je sais envoyer des e-mails \u00e0 mes petits-enfants, regarder des vid\u00e9os sur YouTube et m\u00eame faire des achats sur Amazon (avec son aide au d\u00e9but). Je me sens moins isol\u00e9e. Merci infiniment.\"<\/p>\n<p><strong>Yvette, 73 ans, Brussieu<\/strong><\/p>\n<\/div><\/div>\n<\/div>\n<\/div>\n<\/div>\n<\/div>","protected":false},"excerpt":{"rendered":"","protected":false},"author":1,"featured_media":0,"parent":0,"menu_order":0,"comment_status":"closed","ping_status":"closed","template":"","meta":{"footnotes":""},"class_list":["post-636","page","type-page","status-publish","hentry"],"_links":{"self":[{"href":"https:\/\/lctsystems.fr\/index.php\/wp-json\/wp\/v2\/pages\/636","targetHints":{"allow":["GET"]}}],"collection":[{"href":"https:\/\/lctsystems.fr\/index.php\/wp-json\/wp\/v2\/pages"}],"about":[{"href":"https:\/\/lctsystems.fr\/index.php\/wp-json\/wp\/v2\/types\/page"}],"author":[{"embeddable":true,"href":"https:\/\/lctsystems.fr\/index.php\/wp-json\/wp\/v2\/users\/1"}],"replies":[{"embeddable":true,"href":"https:\/\/lctsystems.fr\/index.php\/wp-json\/wp\/v2\/comments?post=636"}],"version-history":[{"count":10,"href":"https:\/\/lctsystems.fr\/index.php\/wp-json\/wp\/v2\/pages\/636\/revisions"}],"predecessor-version":[{"id":894,"href":"https:\/\/lctsystems.fr\/index.php\/wp-json\/wp\/v2\/pages\/636\/revisions\/894"}],"wp:attachment":[{"href":"https:\/\/lctsystems.fr\/index.php\/wp-json\/wp\/v2\/media?parent=636"}],"curies":[{"name":"wp","href":"https:\/\/api.w.org\/{rel}","templated":true}]}}