{"id":644,"date":"2026-04-02T13:14:26","date_gmt":"2026-04-02T13:14:26","guid":{"rendered":"https:\/\/lctsystems.fr\/?page_id=644"},"modified":"2026-04-16T15:43:25","modified_gmt":"2026-04-16T15:43:25","slug":"transfert-videos-2","status":"publish","type":"page","link":"https:\/\/lctsystems.fr\/index.php\/transfert-videos-2\/","title":{"rendered":"Transfert Vid\u00e9os"},"content":{"rendered":"<div class=\"et_pb_section_0 et_pb_section et_section_regular et_flex_section\">\n<div class=\"et_pb_row_0 et_pb_row et_flex_row\">\n<div class=\"et_pb_column_0 et_pb_column et-last-child et_flex_column et_pb_css_mix_blend_mode_passthrough et_flex_column_24_24 et_flex_column_24_24_tablet et_flex_column_24_24_phone\">\n<div class=\"et_pb_heading_0 et_pb_heading et_pb_module et_flex_module preset--module--divi-heading--a37e5281-a096-4936-881d-685e490a1340\"><div class=\"et_pb_heading_container\"><\/div><\/div>\n<\/div>\n<\/div>\n<\/div>\n\n<div class=\"et_pb_section_1 et_pb_section et_section_regular et_flex_section\">\n<div class=\"et_pb_row_1 et_pb_row et_flex_row\">\n<div class=\"et_pb_column_1 et_pb_column et-last-child et_flex_column et_pb_css_mix_blend_mode_passthrough et_flex_column_24_24 et_flex_column_24_24_tablet et_flex_column_24_24_phone\">\n<div class=\"et_pb_text_0 et_pb_text et_pb_bg_layout_dark et_pb_module et_flex_module preset--module--divi-text--default\"><div class=\"et_pb_text_inner\"><p><strong>Num\u00e9risation de vid\u00e9os \u2013 Pr\u00e9servez vos souvenirs<\/strong><\/p>\n<\/div><\/div>\n<\/div>\n<\/div>\n\n<div class=\"et_pb_row_2 et_pb_row et_flex_row\">\n<div class=\"et_pb_column_2 et_pb_column et-last-child et_flex_column et_pb_css_mix_blend_mode_passthrough et_flex_column_24_24 et_flex_column_24_24_tablet et_flex_column_24_24_phone\">\n<div class=\"et_pb_text_1 et_pb_text et_pb_bg_layout_light et_pb_module et_flex_module preset--module--divi-text--default\">\n<div class=\"et_pb_text_2 et_pb_text et_pb_bg_layout_dark et_pb_module et_flex_module preset--module--divi-text--default\"><div class=\"et_pb_text_inner\"><p><strong>Ne laissez pas vos cassettes s'ab\u00eemer ou vos magn\u00e9toscopes l\u00e2cher<\/strong><\/p>\n<\/div><\/div>\n<\/div>\n<\/div>\n<\/div>\n\n<div class=\"et_pb_row_3 et_pb_row et_flex_row\">\n<div class=\"et_pb_column_3 et_pb_column et_flex_column et_pb_css_mix_blend_mode_passthrough et_flex_column_12_24 et_flex_column_12_24_tablet et_flex_column_24_24_phone\">\n<div class=\"et_pb_image_0 et_pb_image et_pb_module et_flex_module\"><span class=\"et_pb_image_wrap\"><img loading=\"lazy\" decoding=\"async\" src=\"https:\/\/lctsystems.fr\/wp-content\/uploads\/2026\/04\/cassette-vhs-1.jpg\" title=\"cassette-vhs\" width=\"1000\" height=\"667\" srcset=\"https:\/\/lctsystems.fr\/wp-content\/uploads\/2026\/04\/cassette-vhs-1.jpg 1000w, https:\/\/lctsystems.fr\/wp-content\/uploads\/2026\/04\/cassette-vhs-1-980x654.jpg 980w, https:\/\/lctsystems.fr\/wp-content\/uploads\/2026\/04\/cassette-vhs-1-480x320.jpg 480w\" sizes=\"(min-width: 0px) and (max-width: 480px) 480px, (min-width: 481px) and (max-width: 980px) 980px, (min-width: 981px) 1000px, 100vw\" class=\"wp-image-800\" \/><\/span><\/div>\n<\/div>\n\n<div class=\"et_pb_column_4 et_pb_column et-last-child et_flex_column et_pb_css_mix_blend_mode_passthrough et_flex_column_12_24 et_flex_column_12_24_tablet et_flex_column_24_24_phone\">\n<div class=\"et_pb_text_3 et_pb_text et_pb_bg_layout_dark et_pb_module et_flex_module preset--module--divi-text--default\"><div class=\"et_pb_text_inner\"><p>Nous transf\u00e9rons vos vieilles cassettes vid\u00e9o en format num\u00e9rique, pour que vous puissiez les revoir en illimit\u00e9 sur tous vos \u00e9crans (PC, Mac, TV, tablette, smartphone).<\/p>\n<p>Formats accept\u00e9s :<\/p>\n<p style=\"text-align: center;\"><em>VHS, S-VHS, VHS-C<\/em><br \/><em>MiniDV, Digital8<\/em><br \/><em>Video8, Hi8<\/em><br \/><em>Tous standards : PAL, SECAM, NTSC<\/em><\/p>\n<\/div><\/div>\n<\/div>\n<\/div>\n\n<div class=\"et_pb_row_4 et_pb_row et_flex_row\">\n<div class=\"et_pb_column_5 et_pb_column et-last-child et_flex_column et_pb_css_mix_blend_mode_passthrough et_flex_column_24_24 et_flex_column_24_24_tablet et_flex_column_24_24_phone\">\n<div class=\"et_pb_text_4 et_pb_text et_pb_bg_layout_light et_pb_module et_flex_module preset--module--divi-text--default\">\n<div class=\"et_pb_text_5 et_pb_text et_pb_bg_layout_dark et_pb_module et_flex_module preset--module--divi-text--default\"><div class=\"et_pb_text_inner\"><p>Nous livrons :<\/p>\n<p>Fichiers num\u00e9riques sur disque dur externe ou cl\u00e9 USB<br \/>Compatibles lecture sur PC, Mac ou TV avec port USB<br \/>Qualit\u00e9 garantie et respect des originaux<\/p>\n<p>Pourquoi num\u00e9riser maintenant Les cassettes s'ab\u00eement avec le temps (humidit\u00e9, moisissures). Les magn\u00e9toscopes deviennent rares et tombent en panne. Agissez avant qu'il ne soit trop tard.<\/p>\n<p><strong>Tarif : Devis gratuit selon le nombre et le type de cassettes.<\/strong><\/p>\n<\/div><\/div>\n<\/div>\n<\/div>\n<\/div>\n<\/div>\n\n<div class=\"et_pb_section_2 et_pb_section et_section_regular et_flex_section\">\n<div class=\"et_pb_row_5 et_pb_row et_flex_row\">\n<div class=\"et_pb_column_6 et_pb_column et-last-child et_flex_column et_pb_css_mix_blend_mode_passthrough et_flex_column_24_24 et_flex_column_24_24_tablet et_flex_column_24_24_phone\">\n<div class=\"et_pb_gallery_0 et_pb_gallery et_pb_bg_layout_light et_pb_gallery_grid et_pb_module preset--module--divi-gallery--default\" data-auto-rotate=\"off\" data-auto-rotate-speed=\"\"><div class=\"et_pb_gallery_items et_post_gallery clearfix et_grid_module\" data-per_page=\"4\"><div class=\"et_pb_gallery_item et_pb_grid_item et_pb_gallery_item_0_0\"><div class=\"et_pb_gallery_image landscape\" data-per_page=\"4\"><a href=\"https:\/\/lctsystems.fr\/wp-content\/uploads\/2026\/04\/6dce2c10-3a66-45b7-b8bf-e6cc2e9f452c_1920x1080.jpg\" title=\"6dce2c10-3a66-45b7-b8bf-e6cc2e9f452c_1920x1080\"><img loading=\"lazy\" decoding=\"async\" width=\"400\" height=\"284\" src=\"https:\/\/lctsystems.fr\/wp-content\/uploads\/2026\/04\/6dce2c10-3a66-45b7-b8bf-e6cc2e9f452c_1920x1080-400x284.jpg\" alt=\"\" class=\"wp-image-793\" srcset=\"https:\/\/lctsystems.fr\/wp-content\/uploads\/2026\/04\/6dce2c10-3a66-45b7-b8bf-e6cc2e9f452c_1920x1080.jpg 479w, https:\/\/lctsystems.fr\/wp-content\/uploads\/2026\/04\/6dce2c10-3a66-45b7-b8bf-e6cc2e9f452c_1920x1080-400x284.jpg 480w\" sizes=\"(max-width:479px) 479px, 100vw\" \/><span class=\"et_overlay\" data-icon=\"\" data-icon-tablet=\"\" data-icon-phone=\"\"><\/span><\/a><\/div><\/div><div class=\"et_pb_gallery_item et_pb_grid_item et_pb_gallery_item_0_1\"><div class=\"et_pb_gallery_image landscape\" data-per_page=\"4\"><a href=\"https:\/\/lctsystems.fr\/wp-content\/uploads\/2026\/04\/15834914-1.jpg\" title=\"15834914-1\"><img loading=\"lazy\" decoding=\"async\" width=\"362\" height=\"240\" src=\"https:\/\/lctsystems.fr\/wp-content\/uploads\/2026\/04\/15834914-1.jpg\" alt=\"\" class=\"wp-image-796\" srcset=\"https:\/\/lctsystems.fr\/wp-content\/uploads\/2026\/04\/15834914-1.jpg 479w, https:\/\/lctsystems.fr\/wp-content\/uploads\/2026\/04\/15834914-1.jpg 480w\" sizes=\"(max-width:479px) 479px, 100vw\" \/><span class=\"et_overlay\" data-icon=\"\" data-icon-tablet=\"\" data-icon-phone=\"\"><\/span><\/a><\/div><\/div><div class=\"et_pb_gallery_item et_pb_grid_item et_pb_gallery_item_0_2\"><div class=\"et_pb_gallery_image landscape\" data-per_page=\"4\"><a href=\"https:\/\/lctsystems.fr\/wp-content\/uploads\/2026\/04\/image_5671852_20201007_ob_abff5c_numeriser-vhs.png\" title=\"image_5671852_20201007_ob_abff5c_numeriser-vhs\"><img loading=\"lazy\" decoding=\"async\" width=\"400\" height=\"284\" src=\"https:\/\/lctsystems.fr\/wp-content\/uploads\/2026\/04\/image_5671852_20201007_ob_abff5c_numeriser-vhs-400x284.png\" alt=\"\" class=\"wp-image-797\" srcset=\"https:\/\/lctsystems.fr\/wp-content\/uploads\/2026\/04\/image_5671852_20201007_ob_abff5c_numeriser-vhs.png 479w, https:\/\/lctsystems.fr\/wp-content\/uploads\/2026\/04\/image_5671852_20201007_ob_abff5c_numeriser-vhs-400x284.png 480w\" sizes=\"(max-width:479px) 479px, 100vw\" \/><span class=\"et_overlay\" data-icon=\"\" data-icon-tablet=\"\" data-icon-phone=\"\"><\/span><\/a><\/div><\/div><div class=\"et_pb_gallery_item et_pb_grid_item et_pb_gallery_item_0_3\"><div class=\"et_pb_gallery_image landscape\" data-per_page=\"4\"><a href=\"https:\/\/lctsystems.fr\/wp-content\/uploads\/2026\/04\/cassette-vhs.jpg\" title=\"cassette-vhs\"><img loading=\"lazy\" decoding=\"async\" width=\"400\" height=\"284\" src=\"https:\/\/lctsystems.fr\/wp-content\/uploads\/2026\/04\/cassette-vhs-400x284.jpg\" alt=\"\" class=\"wp-image-798\" srcset=\"https:\/\/lctsystems.fr\/wp-content\/uploads\/2026\/04\/cassette-vhs.jpg 479w, https:\/\/lctsystems.fr\/wp-content\/uploads\/2026\/04\/cassette-vhs-400x284.jpg 480w\" sizes=\"(max-width:479px) 479px, 100vw\" \/><span class=\"et_overlay\" data-icon=\"\" data-icon-tablet=\"\" data-icon-phone=\"\"><\/span><\/a><\/div><\/div><\/div><\/div>\n<\/div>\n<\/div>\n\n<div class=\"et_pb_row_6 et_pb_row et_flex_row\">\n<div class=\"et_pb_column_7 et_pb_column et-last-child et_flex_column et_pb_css_mix_blend_mode_passthrough et_flex_column_24_24 et_flex_column_24_24_tablet et_flex_column_24_24_phone\">\n<div class=\"et_pb_text_6 et_pb_text et_pb_bg_layout_dark et_pb_module et_flex_module preset--module--divi-text--default\"><div class=\"et_pb_text_inner\"><p>T\u00e9moignage <\/p>\n<\/div><\/div>\n<\/div>\n<\/div>\n\n<div class=\"et_pb_row_7 et_pb_row et_flex_row\">\n<div class=\"et_pb_column_8 et_pb_column et-last-child et_flex_column et_pb_css_mix_blend_mode_passthrough et_flex_column_24_24 et_flex_column_24_24_tablet et_flex_column_24_24_phone\">\n<div class=\"et_pb_text_7 et_pb_text et_pb_bg_layout_dark et_pb_module et_flex_module preset--module--divi-text--default\"><div class=\"et_pb_text_inner\"><p><strong>Transfert de vid\u00e9os VHS (souvenirs de famille)<\/strong><br \/>\"Nous avions 15 cassettes VHS de nos enfants quand ils \u00e9taient petits. Certaines avaient plus de 30 ans. Le magn\u00e9toscope \u00e9tait mort. LcT Systems a tout num\u00e9ris\u00e9 sur une cl\u00e9 USB. La qualit\u00e9 est tr\u00e8s bonne (certaines cassettes \u00e9taient ab\u00eem\u00e9es mais ils ont fait des miracles). Nous avons offert la cl\u00e9 \u00e0 nos enfants \u00e0 No\u00ebl. Ils ont pleur\u00e9 de joie en revoyant leurs grands-parents disparus. Un service inestimable. Merci du fond du c\u0153ur.\"<br \/><strong>Michel et Fran\u00e7oise, 68 et 66 ans, Aveizieux<\/strong><\/p>\n<\/div><\/div>\n<\/div>\n<\/div>\n<\/div>","protected":false},"excerpt":{"rendered":"","protected":false},"author":1,"featured_media":0,"parent":0,"menu_order":0,"comment_status":"closed","ping_status":"closed","template":"","meta":{"footnotes":""},"class_list":["post-644","page","type-page","status-publish","hentry"],"_links":{"self":[{"href":"https:\/\/lctsystems.fr\/index.php\/wp-json\/wp\/v2\/pages\/644","targetHints":{"allow":["GET"]}}],"collection":[{"href":"https:\/\/lctsystems.fr\/index.php\/wp-json\/wp\/v2\/pages"}],"about":[{"href":"https:\/\/lctsystems.fr\/index.php\/wp-json\/wp\/v2\/types\/page"}],"author":[{"embeddable":true,"href":"https:\/\/lctsystems.fr\/index.php\/wp-json\/wp\/v2\/users\/1"}],"replies":[{"embeddable":true,"href":"https:\/\/lctsystems.fr\/index.php\/wp-json\/wp\/v2\/comments?post=644"}],"version-history":[{"count":10,"href":"https:\/\/lctsystems.fr\/index.php\/wp-json\/wp\/v2\/pages\/644\/revisions"}],"predecessor-version":[{"id":905,"href":"https:\/\/lctsystems.fr\/index.php\/wp-json\/wp\/v2\/pages\/644\/revisions\/905"}],"wp:attachment":[{"href":"https:\/\/lctsystems.fr\/index.php\/wp-json\/wp\/v2\/media?parent=644"}],"curies":[{"name":"wp","href":"https:\/\/api.w.org\/{rel}","templated":true}]}}