{"id":660,"date":"2026-04-02T13:28:58","date_gmt":"2026-04-02T13:28:58","guid":{"rendered":"https:\/\/lctsystems.fr\/?page_id=660"},"modified":"2026-04-02T13:28:58","modified_gmt":"2026-04-02T13:28:58","slug":"visuel-web","status":"publish","type":"page","link":"https:\/\/lctsystems.fr\/index.php\/visuel-web\/","title":{"rendered":"Visuel &#038; web"},"content":{"rendered":"<div class=\"et_pb_section_0 et_pb_section et_section_regular et_flex_section\">\n<div class=\"et_pb_row_0 et_pb_row et_flex_row\">\n<div class=\"et_pb_column_0 et_pb_column et-last-child et_flex_column et_pb_css_mix_blend_mode_passthrough et_flex_column_24_24 et_flex_column_24_24_tablet et_flex_column_24_24_phone\">\n<div class=\"et_pb_heading_0 et_pb_heading et_pb_module et_flex_module preset--module--divi-heading--a37e5281-a096-4936-881d-685e490a1340\"><div class=\"et_pb_heading_container\"><\/div><\/div>\n<\/div>\n<\/div>\n<\/div>\n\n<div class=\"et_pb_section_1 et_pb_section et_section_regular et_flex_section\">\n<div class=\"et_pb_row_1 et_pb_row et_flex_row\">\n<div class=\"et_pb_column_1 et_pb_column et-last-child et_flex_column et_pb_css_mix_blend_mode_passthrough et_flex_column_24_24 et_flex_column_24_24_tablet et_flex_column_24_24_phone\">\n<div class=\"et_pb_text_0 et_pb_text et_pb_bg_layout_dark et_pb_module et_flex_module preset--module--divi-text--default\"><div class=\"et_pb_text_inner\"><p><strong><span>Visuel &amp; web<\/span><\/strong><\/p>\n<\/div><\/div>\n<\/div>\n<\/div>\n\n<div class=\"et_pb_row_2 et_pb_row et_flex_row\">\n<div class=\"et_pb_column_2 et_pb_column et_flex_column et_pb_css_mix_blend_mode_passthrough et_flex_column_12_24 et_flex_column_12_24_tablet et_flex_column_24_24_phone\">\n<div class=\"et_pb_image_0 et_pb_image et_pb_module et_flex_module\"><span class=\"et_pb_image_wrap\"><img loading=\"lazy\" decoding=\"async\" src=\"https:\/\/lctsystems.fr\/wp-content\/uploads\/2026\/03\/00d3faa8ab417de77ad93f8b1c01b330-scaled.jpg\" title=\"00d3faa8ab417de77ad93f8b1c01b330\" width=\"2560\" height=\"1707\" srcset=\"https:\/\/lctsystems.fr\/wp-content\/uploads\/2026\/03\/00d3faa8ab417de77ad93f8b1c01b330-scaled.jpg 2560w, https:\/\/lctsystems.fr\/wp-content\/uploads\/2026\/03\/00d3faa8ab417de77ad93f8b1c01b330-1280x854.jpg 1280w, https:\/\/lctsystems.fr\/wp-content\/uploads\/2026\/03\/00d3faa8ab417de77ad93f8b1c01b330-980x653.jpg 980w, https:\/\/lctsystems.fr\/wp-content\/uploads\/2026\/03\/00d3faa8ab417de77ad93f8b1c01b330-480x320.jpg 480w\" sizes=\"(min-width: 0px) and (max-width: 480px) 480px, (min-width: 481px) and (max-width: 980px) 980px, (min-width: 981px) and (max-width: 1280px) 1280px, (min-width: 1281px) 2560px, 100vw\" class=\"wp-image-539\" \/><\/span><\/div>\n<\/div>\n\n<div class=\"et_pb_column_3 et_pb_column et-last-child et_flex_column et_pb_css_mix_blend_mode_passthrough et_flex_column_12_24 et_flex_column_12_24_tablet et_flex_column_24_24_phone\">\n<div class=\"et_pb_text_1 et_pb_text et_pb_bg_layout_dark et_pb_module et_flex_module preset--module--divi-text--default\"><div class=\"et_pb_text_inner\"><p class=\"ds-markdown-paragraph\"><span><\/span><\/p>\n<p class=\"ds-markdown-paragraph\"><span>Voici la liste des <\/span><strong><span>services et prestations de maintenance informatique adapt\u00e9e aux particuliers<\/span><\/strong><span>, class\u00e9s par besoin courant (d\u00e9pannage, installation, nettoyage, sauvegarde, conseil).<\/span><\/p>\n<p class=\"ds-markdown-paragraph\"><span>Contrairement aux entreprises, les services pour particuliers sont plus simples, factur\u00e9s \u00e0 l\u2019acte ou \u00e0 l\u2019heure, et souvent r\u00e9alis\u00e9s \u00e0 domicile ou \u00e0 distance.<\/span><\/p>\n<\/div><\/div>\n<\/div>\n<\/div>\n\n<div class=\"et_pb_row_3 et_pb_row et-vb-row--no-module et_flex_row\">\n<div class=\"et_pb_column_4 et_pb_column et_flex_column et_pb_column_empty et_pb_css_mix_blend_mode_passthrough et_flex_column_12_24 et_flex_column_12_24_tablet et_flex_column_24_24_phone\"><\/div>\n\n<div class=\"et_pb_column_5 et_pb_column et-last-child et_flex_column et_pb_column_empty et_pb_css_mix_blend_mode_passthrough et_flex_column_12_24 et_flex_column_12_24_tablet et_flex_column_24_24_phone\"><\/div>\n<\/div>\n<\/div>\n\n<div class=\"et_pb_section_2 et_pb_section et_section_regular et_flex_section\">\n<div class=\"et_pb_row_4 et_pb_row et_flex_row\">\n<div class=\"et_pb_column_6 et_pb_column et-last-child et_flex_column et_pb_css_mix_blend_mode_passthrough et_flex_column_24_24 et_flex_column_24_24_tablet et_flex_column_24_24_phone\">\n<div class=\"et_pb_gallery_0 et_pb_gallery et_pb_bg_layout_light et_pb_gallery_grid et_pb_module preset--module--divi-gallery--default\" data-auto-rotate=\"off\" data-auto-rotate-speed=\"\"><div class=\"et_pb_gallery_items et_post_gallery clearfix et_grid_module\" data-per_page=\"4\"><div class=\"et_pb_gallery_item et_pb_grid_item et_pb_gallery_item_0_0\"><div class=\"et_pb_gallery_image landscape\" data-per_page=\"4\"><a href=\"https:\/\/lctsystems.fr\/wp-content\/uploads\/2026\/03\/electronic-engineer-computer-technology-maintenance-computer-cpu-hardware-upgrade-motherboard-component-pc-repair-electronic-141293175.webp\" title=\"electronic-engineer-computer-technology-maintenance-computer-cpu-hardware-upgrade-motherboard-component-pc-repair-electronic-141293175\"><img loading=\"lazy\" decoding=\"async\" width=\"400\" height=\"284\" src=\"https:\/\/lctsystems.fr\/wp-content\/uploads\/2026\/03\/electronic-engineer-computer-technology-maintenance-computer-cpu-hardware-upgrade-motherboard-component-pc-repair-electronic-141293175-400x284.webp\" alt=\"\" class=\"wp-image-540\" srcset=\"https:\/\/lctsystems.fr\/wp-content\/uploads\/2026\/03\/electronic-engineer-computer-technology-maintenance-computer-cpu-hardware-upgrade-motherboard-component-pc-repair-electronic-141293175.webp 479w, https:\/\/lctsystems.fr\/wp-content\/uploads\/2026\/03\/electronic-engineer-computer-technology-maintenance-computer-cpu-hardware-upgrade-motherboard-component-pc-repair-electronic-141293175-400x284.webp 480w\" sizes=\"(max-width:479px) 479px, 100vw\" \/><span class=\"et_overlay\" data-icon=\"\" data-icon-tablet=\"\" data-icon-phone=\"\"><\/span><\/a><\/div><\/div><div class=\"et_pb_gallery_item et_pb_grid_item et_pb_gallery_item_0_1\"><div class=\"et_pb_gallery_image landscape\" data-per_page=\"4\"><a href=\"https:\/\/lctsystems.fr\/wp-content\/uploads\/2026\/03\/pngtree-3d-render-of-computer-care-and-maintenance-image_3855114.jpg\" title=\"pngtree-3d-render-of-computer-care-and-maintenance-image_3855114\"><img loading=\"lazy\" decoding=\"async\" width=\"400\" height=\"284\" src=\"https:\/\/lctsystems.fr\/wp-content\/uploads\/2026\/03\/pngtree-3d-render-of-computer-care-and-maintenance-image_3855114-400x284.jpg\" alt=\"\" class=\"wp-image-541\" srcset=\"https:\/\/lctsystems.fr\/wp-content\/uploads\/2026\/03\/pngtree-3d-render-of-computer-care-and-maintenance-image_3855114.jpg 479w, https:\/\/lctsystems.fr\/wp-content\/uploads\/2026\/03\/pngtree-3d-render-of-computer-care-and-maintenance-image_3855114-400x284.jpg 480w\" sizes=\"(max-width:479px) 479px, 100vw\" \/><span class=\"et_overlay\" data-icon=\"\" data-icon-tablet=\"\" data-icon-phone=\"\"><\/span><\/a><\/div><\/div><div class=\"et_pb_gallery_item et_pb_grid_item et_pb_gallery_item_0_2\"><div class=\"et_pb_gallery_image landscape\" data-per_page=\"4\"><a href=\"https:\/\/lctsystems.fr\/wp-content\/uploads\/2026\/03\/pngtree-3d-render-of-computer-maintenance-image_3855115.jpg\" title=\"pngtree-3d-render-of-computer-maintenance-image_3855115\"><img loading=\"lazy\" decoding=\"async\" width=\"400\" height=\"284\" src=\"https:\/\/lctsystems.fr\/wp-content\/uploads\/2026\/03\/pngtree-3d-render-of-computer-maintenance-image_3855115-400x284.jpg\" alt=\"\" class=\"wp-image-542\" srcset=\"https:\/\/lctsystems.fr\/wp-content\/uploads\/2026\/03\/pngtree-3d-render-of-computer-maintenance-image_3855115.jpg 479w, https:\/\/lctsystems.fr\/wp-content\/uploads\/2026\/03\/pngtree-3d-render-of-computer-maintenance-image_3855115-400x284.jpg 480w\" sizes=\"(max-width:479px) 479px, 100vw\" \/><span class=\"et_overlay\" data-icon=\"\" data-icon-tablet=\"\" data-icon-phone=\"\"><\/span><\/a><\/div><\/div><div class=\"et_pb_gallery_item et_pb_grid_item et_pb_gallery_item_0_3\"><div class=\"et_pb_gallery_image landscape\" data-per_page=\"4\"><a href=\"https:\/\/lctsystems.fr\/wp-content\/uploads\/2026\/03\/soporte-tecnico.jpg\" title=\"soporte-tecnico\"><img loading=\"lazy\" decoding=\"async\" width=\"400\" height=\"284\" src=\"https:\/\/lctsystems.fr\/wp-content\/uploads\/2026\/03\/soporte-tecnico-400x284.jpg\" alt=\"\" class=\"wp-image-543\" srcset=\"https:\/\/lctsystems.fr\/wp-content\/uploads\/2026\/03\/soporte-tecnico.jpg 479w, https:\/\/lctsystems.fr\/wp-content\/uploads\/2026\/03\/soporte-tecnico-400x284.jpg 480w\" sizes=\"(max-width:479px) 479px, 100vw\" \/><span class=\"et_overlay\" data-icon=\"\" data-icon-tablet=\"\" data-icon-phone=\"\"><\/span><\/a><\/div><\/div><\/div><\/div>\n<\/div>\n<\/div>\n<\/div>","protected":false},"excerpt":{"rendered":"","protected":false},"author":1,"featured_media":0,"parent":0,"menu_order":0,"comment_status":"closed","ping_status":"closed","template":"","meta":{"footnotes":""},"class_list":["post-660","page","type-page","status-publish","hentry"],"_links":{"self":[{"href":"https:\/\/lctsystems.fr\/index.php\/wp-json\/wp\/v2\/pages\/660","targetHints":{"allow":["GET"]}}],"collection":[{"href":"https:\/\/lctsystems.fr\/index.php\/wp-json\/wp\/v2\/pages"}],"about":[{"href":"https:\/\/lctsystems.fr\/index.php\/wp-json\/wp\/v2\/types\/page"}],"author":[{"embeddable":true,"href":"https:\/\/lctsystems.fr\/index.php\/wp-json\/wp\/v2\/users\/1"}],"replies":[{"embeddable":true,"href":"https:\/\/lctsystems.fr\/index.php\/wp-json\/wp\/v2\/comments?post=660"}],"version-history":[{"count":2,"href":"https:\/\/lctsystems.fr\/index.php\/wp-json\/wp\/v2\/pages\/660\/revisions"}],"predecessor-version":[{"id":662,"href":"https:\/\/lctsystems.fr\/index.php\/wp-json\/wp\/v2\/pages\/660\/revisions\/662"}],"wp:attachment":[{"href":"https:\/\/lctsystems.fr\/index.php\/wp-json\/wp\/v2\/media?parent=660"}],"curies":[{"name":"wp","href":"https:\/\/api.w.org\/{rel}","templated":true}]}}